{"id":2,"date":"2013-02-13T15:10:39","date_gmt":"2013-02-13T15:10:39","guid":{"rendered":"http:\/\/www.opticoat.cl\/2021\/?page_id=2"},"modified":"2021-09-01T14:45:42","modified_gmt":"2021-09-01T18:45:42","slug":"quienes-somos","status":"publish","type":"page","link":"https:\/\/www.opticoat.cl\/2021\/quienes-somos\/","title":{"rendered":"Quienes Somos"},"content":{"rendered":"<p>[vc_row type=&#8221;container&#8221; padding_top=&#8221;&#8221; padding_bottom=&#8221;&#8221;][vc_column][vc_empty_space][vc_text_separator title=&#8221;QUIENES SOMOS&#8221; title_align=&#8221;separator_align_left&#8221; align=&#8221;align_left&#8221; color=&#8221;orange&#8221; border_width=&#8221;4&#8243;][vc_column_text]<\/p>\n<p style=\"text-align: justify;\">Opticoat S. A. es una firma chilena que fabrica diversas lacas antiraya altamente tintables y curables 100% por UV para lentes oft\u00e1lmicos \u00a0en policarbonato, CR-39, Trivex y Alto Indice, los cuales son compatibles con tratamientos de AR. Contienen \u00a0mezclas h\u00edbridas que incluyen \u00a0s\u00f3lidos con adherentes para ser utilizadas en todas las m\u00e1quinas de spin coat. Nuestras lacas se producen bajo licencia y tecnolog\u00eda patentada en USA.\u00a0 Entre nuestras lacas est\u00e1n Opticoat UV-1, Opticoat UV-2 y Opticoat UV-3.\u00a0 La primera en ventas desde el a\u00f1o 2020, con excelentes resultados, es la UV-3.<\/p>\n<p style=\"text-align: justify;\">Tambi\u00e9n ofrecemos repuestos para m\u00e1quinas Spin Coat.<\/p>\n<p style=\"text-align: justify;\">Representamos para America Latina y el Caribe las m\u00e1quinas de Omega Equipment Inc.,\u00a0incluyendo la EZ- COAT,\u00a0 la cual gan\u00f3 el Premio de Excelencia en Tecnolog\u00eda de la OLA 2010.<\/p>\n<p style=\"text-align: justify;\">Chile cuenta con Acuerdos de Libre Comercio con casi 65 pa\u00edses del mundo, entre los que se encuentran Brasil, M\u00e9xico, y la mayoria de los de Latinoam\u00e9rica. Los\u00a0 valores finales de nuestros productos son m\u00e1s bajos al estar libres de aranceles en el 62% de los pa\u00edses del mundo.<\/p>\n<p>[\/vc_column_text][\/vc_column][\/vc_row][vc_row type=&#8221;container&#8221; padding_top=&#8221;&#8221; padding_bottom=&#8221;&#8221;][vc_column width=&#8221;1\/3&#8243;][vc_single_image image=&#8221;885&#8243; img_size=&#8221;full&#8221;][\/vc_column][vc_column width=&#8221;1\/3&#8243;][vc_single_image image=&#8221;886&#8243; img_size=&#8221;full&#8221;][\/vc_column][vc_column width=&#8221;1\/3&#8243;][vc_single_image image=&#8221;887&#8243; img_size=&#8221;full&#8221;][\/vc_column][\/vc_row]<\/p>\n","protected":false},"excerpt":{"rendered":"<p>[vc_row type=&#8221;container&#8221; padding_top=&#8221;&#8221; padding_bottom=&#8221;&#8221;][vc_column][vc_empty_space][vc_text_separator title=&#8221;QUIENES SOMOS&#8221; title_align=&#8221;separator_align_left&#8221; align=&#8221;align_left&#8221; color=&#8221;orange&#8221; border_width=&#8221;4&#8243;][vc_column_text] Opticoat S. A. es una firma chilena que fabrica diversas lacas antiraya altamente tintables y curables 100% por UV para lentes oft\u00e1lmicos \u00a0en policarbonato, CR-39, Trivex y Alto Indice, los cuales son compatibles con tratamientos de AR. Contienen \u00a0mezclas h\u00edbridas que incluyen \u00a0s\u00f3lidos con adherentes [&hellip;]<\/p>\n","protected":false},"author":1,"featured_media":0,"parent":0,"menu_order":0,"comment_status":"closed","ping_status":"closed","template":"page-full-width.php","meta":[],"_links":{"self":[{"href":"https:\/\/www.opticoat.cl\/2021\/wp-json\/wp\/v2\/pages\/2"}],"collection":[{"href":"https:\/\/www.opticoat.cl\/2021\/wp-json\/wp\/v2\/pages"}],"about":[{"href":"https:\/\/www.opticoat.cl\/2021\/wp-json\/wp\/v2\/types\/page"}],"author":[{"embeddable":true,"href":"https:\/\/www.opticoat.cl\/2021\/wp-json\/wp\/v2\/users\/1"}],"replies":[{"embeddable":true,"href":"https:\/\/www.opticoat.cl\/2021\/wp-json\/wp\/v2\/comments?post=2"}],"version-history":[{"count":22,"href":"https:\/\/www.opticoat.cl\/2021\/wp-json\/wp\/v2\/pages\/2\/revisions"}],"predecessor-version":[{"id":1086,"href":"https:\/\/www.opticoat.cl\/2021\/wp-json\/wp\/v2\/pages\/2\/revisions\/1086"}],"wp:attachment":[{"href":"https:\/\/www.opticoat.cl\/2021\/wp-json\/wp\/v2\/media?parent=2"}],"curies":[{"name":"wp","href":"https:\/\/api.w.org\/{rel}","templated":true}]}}